{"id":694,"date":"2021-11-02T05:52:16","date_gmt":"2021-11-02T05:52:16","guid":{"rendered":"https:\/\/wpocean.com\/wp\/plumco\/?page_id=13"},"modified":"2026-04-04T14:47:36","modified_gmt":"2026-04-04T14:47:36","slug":"home","status":"publish","type":"page","link":"https:\/\/torresheiztechnik.de\/","title":{"rendered":"Home"},"content":{"rendered":"\t\t<div data-elementor-type=\"wp-page\" data-elementor-id=\"694\" class=\"elementor elementor-694\">\n\t\t\t\t\t\t<section class=\"elementor-section elementor-top-section elementor-element elementor-element-61a02f0 elementor-section-full_width elementor-section-height-default elementor-section-height-default\" data-id=\"61a02f0\" data-element_type=\"section\" data-e-type=\"section\" data-settings=\"{&quot;background_background&quot;:&quot;classic&quot;}\">\n\t\t\t\t\t\t<div class=\"elementor-container elementor-column-gap-no\">\n\t\t\t\t\t<div class=\"elementor-column elementor-col-100 elementor-top-column elementor-element elementor-element-e177639\" data-id=\"e177639\" data-element_type=\"column\" data-e-type=\"column\">\n\t\t\t<div class=\"elementor-widget-wrap elementor-element-populated\">\n\t\t\t\t\t\t<div class=\"elementor-element elementor-element-fd49fcf elementor-widget elementor-widget-wpo-plumco_hero\" data-id=\"fd49fcf\" data-element_type=\"widget\" data-e-type=\"widget\" data-settings=\"{&quot;hero_image&quot;:{&quot;url&quot;:&quot;https:\\\/\\\/torresheiztechnik.de\\\/wp-content\\\/uploads\\\/2025\\\/04\\\/Felipe-Heizkoerper.png&quot;,&quot;id&quot;:919,&quot;size&quot;:&quot;&quot;,&quot;alt&quot;:&quot;&quot;,&quot;source&quot;:&quot;library&quot;}}\" data-widget_type=\"wpo-plumco_hero.default\">\n\t\t\t\t<div class=\"elementor-widget-container\">\n\t\t\t\t\t\t\t<div class=\"plumco-hero wpo-hero-section-1\">\n\t\t\t<div class=\"container\">\n\t\t\t\t<div class=\"row\">\n\t\t\t\t\t<div class=\"col col-xl-4 col-lg-5 col-12\">\n\t\t\t\t\t\t<div class=\"wpo-hero-section-text\">\n\t\t\t\t\t\t\t\t\t\t\t\t\t\t\t<div class=\"wpo-hero-title\">\n\t\t\t\t\t\t\t\t\t<h2>Energie sparen. <span>Effizienz erh\u00f6hen.<\/span><\/h2>\n\t\t\t\t\t\t\t\t<\/div>\n\t\t\t\t\t\t\t\t\t\t\t\t\t\t<div class=\"btns\">\n\t\t\t\t\t\t\t\t<a href=\"https:\/\/torresheiztechnik.de\/index.php\/services\/\"   class=\"btn theme-btn\">Dienstleistungen<\/a>\t\t\t\t\t\t\t<\/div>\n\t\t\t\t\t\t<\/div>\n\t\t\t\t\t<\/div>\n\t\t\t\t<\/div>\n\t\t\t<\/div>\n\t\t\t<div class=\"right-vec\">\n\t\t\t\t\t\t\t\t<div class=\"right-img\" >\n\t\t\t\t\t\t\t\t\t\t\t<div class=\"r-img\">\n\t\t\t\t\t\t\t<img decoding=\"async\" src=\"https:\/\/torresheiztechnik.de\/wp-content\/uploads\/2025\/04\/Felipe-Heizkoerper.png\" alt=\"\">\t\t\t\t\t\t<\/div>\n\t\t\t\t\t\t\t\t\t<\/div>\n\t\t\t<\/div>\n\t\t<\/div>\n\t\t\t\t<\/div>\n\t\t\t\t<\/div>\n\t\t\t\t<div class=\"elementor-element elementor-element-18ff3c7 elementor-widget elementor-widget-wpo-plumco_feature\" data-id=\"18ff3c7\" data-element_type=\"widget\" data-e-type=\"widget\" data-widget_type=\"wpo-plumco_feature.default\">\n\t\t\t\t<div class=\"elementor-widget-container\">\n\t\t\t\t\t\n\t\t\t\t\t<div class=\"wpo-features-section\">\n\t\t\t\t<div class=\"container\">\n\t\t\t\t\t<div class=\"wpo-features-wrap\">\n\t\t\t\t\t\t<div class=\"row align-items-center justify-content-between\">\n\t\t\t\t\t\t\t\t\t\t\t\t\t\t\t\t<div class=\"col col-lg-4 col-md-4 col-sm-4 col-6\">\n\t\t\t\t\t\t\t\t\t\t<div class=\"wpo-features-item not-active\">\n\t\t\t\t\t\t\t\t\t\t\t<div class=\"wpo-features-icon\">\n\t\t\t\t\t\t\t\t\t\t\t\t<img decoding=\"async\" src=\"https:\/\/torresheiztechnik.de\/wp-content\/uploads\/2021\/11\/feature-icon-1.png\" alt=\"\">\t\t\t\t\t\t\t\t\t\t\t<\/div>\n\t\t\t\t\t\t\t\t\t\t\t<div class=\"wpo-features-text\">\n\t\t\t\t\t\t\t\t\t\t\t\t<h4><a href=\"https:\/\/wpocean.com\/wp\/plumco\/appointment\/\" class=\"more\">Termin vereinbaren<\/a><\/h4>\t\t\t\t\t\t\t\t\t\t\t<\/div>\n\t\t\t\t\t\t\t\t\t\t<\/div>\n\n\t\t\t\t\t\t\t\t\t\t\t\t\t\t\t\t\t\t\t\t\t<div class=\"angle\">\n\t\t\t\t\t\t\t\t\t\t\t\t<img decoding=\"async\" src=\"https:\/\/torresheiztechnik.de\/wp-content\/uploads\/2021\/11\/arrow.png\" alt=\"\">\t\t\t\t\t\t\t\t\t\t\t<\/div>\n\t\t\t\t\t\t\t\t\t\t\t\t\t\t\t\t\t\t\t<\/div>\n\t\t\t\t\t\t\t\t\t\t\t\t\t\t\t\t<div class=\"col col-lg-4 col-md-4 col-sm-4 col-6\">\n\t\t\t\t\t\t\t\t\t\t<div class=\"wpo-features-item active\">\n\t\t\t\t\t\t\t\t\t\t\t<div class=\"wpo-features-icon\">\n\t\t\t\t\t\t\t\t\t\t\t\t<img decoding=\"async\" src=\"https:\/\/torresheiztechnik.de\/wp-content\/uploads\/2021\/11\/feature-icon-2.png\" alt=\"\">\t\t\t\t\t\t\t\t\t\t\t<\/div>\n\t\t\t\t\t\t\t\t\t\t\t<div class=\"wpo-features-text\">\n\t\t\t\t\t\t\t\t\t\t\t\t<h4>Leistungsumfang besprechen<\/h4>\t\t\t\t\t\t\t\t\t\t\t<\/div>\n\t\t\t\t\t\t\t\t\t\t<\/div>\n\n\t\t\t\t\t\t\t\t\t\t\t\t\t\t\t\t\t\t\t\t\t<div class=\"angle\">\n\t\t\t\t\t\t\t\t\t\t\t\t<img decoding=\"async\" src=\"https:\/\/torresheiztechnik.de\/wp-content\/uploads\/2021\/11\/arrow.png\" alt=\"\">\t\t\t\t\t\t\t\t\t\t\t<\/div>\n\t\t\t\t\t\t\t\t\t\t\t\t\t\t\t\t\t\t\t<\/div>\n\t\t\t\t\t\t\t\t\t\t\t\t\t\t\t\t<div class=\"col col-lg-4 col-md-4 col-sm-4 col-12\">\n\t\t\t\t\t\t\t\t\t\t<div class=\"wpo-features-item not-active\">\n\t\t\t\t\t\t\t\t\t\t\t<div class=\"wpo-features-icon\">\n\t\t\t\t\t\t\t\t\t\t\t\t<img decoding=\"async\" src=\"https:\/\/torresheiztechnik.de\/wp-content\/uploads\/2021\/11\/remodeling.png\" alt=\"\">\t\t\t\t\t\t\t\t\t\t\t<\/div>\n\t\t\t\t\t\t\t\t\t\t\t<div class=\"wpo-features-text\">\n\t\t\t\t\t\t\t\t\t\t\t\t<h4>Angebot einholen<\/h4>\t\t\t\t\t\t\t\t\t\t\t<\/div>\n\t\t\t\t\t\t\t\t\t\t<\/div>\n\n\t\t\t\t\t\t\t\t\t\t\t\t\t\t\t\t\t\t\t<\/div>\n\t\t\t\t\t\t\t\t\t\t\t\t\t<\/div>\n\t\t\t\t\t<\/div>\n\t\t\t\t<\/div>\n\t\t\t<\/div>\n\t\t\t\t<\/div>\n\t\t\t\t<\/div>\n\t\t\t\t\t<\/div>\n\t\t<\/div>\n\t\t\t\t\t<\/div>\n\t\t<\/section>\n\t\t\t\t<section class=\"elementor-section elementor-top-section elementor-element elementor-element-b2b0ed6 elementor-section-full_width elementor-section-height-default elementor-section-height-default\" data-id=\"b2b0ed6\" data-element_type=\"section\" data-e-type=\"section\" data-settings=\"{&quot;background_background&quot;:&quot;classic&quot;}\">\n\t\t\t\t\t\t<div class=\"elementor-container elementor-column-gap-no\">\n\t\t\t\t\t<div class=\"elementor-column elementor-col-100 elementor-top-column elementor-element elementor-element-a905b18\" data-id=\"a905b18\" data-element_type=\"column\" data-e-type=\"column\">\n\t\t\t<div class=\"elementor-widget-wrap elementor-element-populated\">\n\t\t\t\t\t\t<div class=\"elementor-element elementor-element-b4b1ff5 elementor-widget elementor-widget-wpo-plumco_title\" data-id=\"b4b1ff5\" data-element_type=\"widget\" data-e-type=\"widget\" data-widget_type=\"wpo-plumco_title.default\">\n\t\t\t\t<div class=\"elementor-widget-container\">\n\t\t\t\t\t\t\t<div class=\"section-title-area\">\n\t\t\t<div class=\"row align-items-center justify-content-center\">\n\t\t\t\t<div class=\"col-lg-7\">\n\t\t\t\t\t<div class=\"wpo-section-title\">\n\t\t\t\t\t\t<h2>Unsere Leistungen \u2013 Services Rund um Heiztechnik &amp; Sanit\u00e4r<\/h2><p>Ob Neubau, Modernisierung oder Reparatur \u2013 wir sind Ihr zuverl\u00e4ssiger Partner f\u00fcr alle Arbeiten rund um Heiztechnik- und Sanit\u00e4rleistungen.<\/p>\t\t\t\t\t<\/div>\n\t\t\t\t<\/div>\n\t\t\t<\/div>\n\t\t<\/div>\n\t\t\t\t<\/div>\n\t\t\t\t<\/div>\n\t\t\t\t<div class=\"elementor-element elementor-element-36b28a5 elementor-widget elementor-widget-wpo-plumco_service\" data-id=\"36b28a5\" data-element_type=\"widget\" data-e-type=\"widget\" data-widget_type=\"wpo-plumco_service.default\">\n\t\t\t\t<div class=\"elementor-widget-container\">\n\t\t\t\t\t\n\t\t\t<div class=\"wpo-service-section\">\n\t\t\t\t<div class=\"container\">\n\t\t\t\t\t<div class=\"row\">\n\t\t\t\t\t\t\t\t\t\t\t\t\t<div class=\"col-lg-4 col-md-6 col-12\">\n\t\t\t\t\t\t\t\t<div class=\"wpo-service-item\">\n\t\t\t\t\t\t\t\t\t<div class=\"wpo-service-img\">\n\t\t\t\t\t\t\t\t\t\t<img decoding=\"async\" src=\"https:\/\/torresheiztechnik.de\/wp-content\/uploads\/2025\/04\/ChatGPT-Image-11.-Apr.-2025-22_41_46.png\" alt=\"\">\t\t\t\t\t\t\t\t\t<\/div>\n\t\t\t\t\t\t\t\t\t<div class=\"wpo-service-text\">\n\t\t\t\t\t\t\t\t\t\t<h2>\n\t\t\t\t\t\t\t\t\t\t\t<a href=\"https:\/\/torresheiztechnik.de\/index.php\/service\/waermepumpe-2\/\">\n\t\t\t\t\t\t\t\t\t\t\t\tJetzt auf W\u00e4rmepumpe umsteigen und Heizkosten senken!\t\t\t\t\t\t\t\t\t\t\t<\/a>\n\t\t\t\t\t\t\t\t\t\t<\/h2>\n\t\t\t\t\t\t\t\t\t\t<p>Wir beraten Sie rund um moderne Heiztechnik, F\u00f6rdermittel &amp; Einbau \u2013 vom Fachbetrieb mit Erfahrung.<\/p>\n\t\t\t\t\t\t\t\t\t\t\t\t\t\t\t\t\t\t\t\t\t<a class=\"readmore\" href=\"https:\/\/torresheiztechnik.de\/index.php\/service\/waermepumpe-2\/\">\n\t\t\t\t\t\t\t\t\t\t\t\tMehr Informationen\t\t\t\t\t\t\t\t\t\t\t\t<i class=\"fa fa-angle-double-right\" aria-hidden=\"true\"><\/i>\n\t\t\t\t\t\t\t\t\t\t\t<\/a>\n\t\t\t\t\t\t\t\t\t\t\t\t\t\t\t\t\t\t\t<\/div>\n\t\t\t\t\t\t\t\t<\/div>\n\t\t\t\t\t\t\t<\/div>\n\t\t\t\t\t\t\t\t\t\t\t\t\t<div class=\"col-lg-4 col-md-6 col-12\">\n\t\t\t\t\t\t\t\t<div class=\"wpo-service-item\">\n\t\t\t\t\t\t\t\t\t<div class=\"wpo-service-img\">\n\t\t\t\t\t\t\t\t\t\t<img decoding=\"async\" src=\"https:\/\/torresheiztechnik.de\/wp-content\/uploads\/2025\/04\/11.-Apr.-2025-23_02_32.png\" alt=\"\">\t\t\t\t\t\t\t\t\t<\/div>\n\t\t\t\t\t\t\t\t\t<div class=\"wpo-service-text\">\n\t\t\t\t\t\t\t\t\t\t<h2>\n\t\t\t\t\t\t\t\t\t\t\t<a href=\"https:\/\/torresheiztechnik.de\/index.php\/service\/solarthermie-waerme-aus-sonnenkraft-nutzen\/\">\n\t\t\t\t\t\t\t\t\t\t\t\tSolarthermie installieren lassen \u2013 Beratung &amp; Montage vom Profi\t\t\t\t\t\t\t\t\t\t\t<\/a>\n\t\t\t\t\t\t\t\t\t\t<\/h2>\n\t\t\t\t\t\t\t\t\t\t<p>Nutzen Sie die Kraft der Sonne! Wir planen &amp; installieren Ihre Solarthermieanlage \u2013 inkl. Beratung, Vor-Ort-Service &amp; F\u00f6rderung. Jetzt kostenlos informieren!<\/p>\n\t\t\t\t\t\t\t\t\t\t\t\t\t\t\t\t\t\t\t\t\t<a class=\"readmore\" href=\"https:\/\/torresheiztechnik.de\/index.php\/service\/solarthermie-waerme-aus-sonnenkraft-nutzen\/\">\n\t\t\t\t\t\t\t\t\t\t\t\tMehr Informationen\t\t\t\t\t\t\t\t\t\t\t\t<i class=\"fa fa-angle-double-right\" aria-hidden=\"true\"><\/i>\n\t\t\t\t\t\t\t\t\t\t\t<\/a>\n\t\t\t\t\t\t\t\t\t\t\t\t\t\t\t\t\t\t\t<\/div>\n\t\t\t\t\t\t\t\t<\/div>\n\t\t\t\t\t\t\t<\/div>\n\t\t\t\t\t\t\t\t\t\t\t\t\t<div class=\"col-lg-4 col-md-6 col-12\">\n\t\t\t\t\t\t\t\t<div class=\"wpo-service-item\">\n\t\t\t\t\t\t\t\t\t<div class=\"wpo-service-img\">\n\t\t\t\t\t\t\t\t\t\t<img decoding=\"async\" src=\"https:\/\/torresheiztechnik.de\/wp-content\/uploads\/2025\/04\/ChatGPT-Image-11.-Apr.-2025-22_41_43.png\" alt=\"\">\t\t\t\t\t\t\t\t\t<\/div>\n\t\t\t\t\t\t\t\t\t<div class=\"wpo-service-text\">\n\t\t\t\t\t\t\t\t\t\t<h2>\n\t\t\t\t\t\t\t\t\t\t\t<a href=\"https:\/\/torresheiztechnik.de\/index.php\/service\/sanitaerinstallationen-ihr-zuverlaessiger-partner-fuer-bad-co\/\">\n\t\t\t\t\t\t\t\t\t\t\t\tSanit\u00e4rinstallationen vom Profi \u2013 Badmodernisierung &amp; mehr\t\t\t\t\t\t\t\t\t\t\t<\/a>\n\t\t\t\t\t\t\t\t\t\t<\/h2>\n\t\t\t\t\t\t\t\t\t\t<p>Individuelle Sanit\u00e4rinstallationen vom Fachbetrieb \u2013 von der Badmodernisierung bis zur Neuinstallation. Jetzt beraten lassen &amp; Wohlf\u00fchlbad planen!<\/p>\n\t\t\t\t\t\t\t\t\t\t\t\t\t\t\t\t\t\t\t\t\t<a class=\"readmore\" href=\"https:\/\/torresheiztechnik.de\/index.php\/service\/sanitaerinstallationen-ihr-zuverlaessiger-partner-fuer-bad-co\/\">\n\t\t\t\t\t\t\t\t\t\t\t\tMehr Informationen\t\t\t\t\t\t\t\t\t\t\t\t<i class=\"fa fa-angle-double-right\" aria-hidden=\"true\"><\/i>\n\t\t\t\t\t\t\t\t\t\t\t<\/a>\n\t\t\t\t\t\t\t\t\t\t\t\t\t\t\t\t\t\t\t<\/div>\n\t\t\t\t\t\t\t\t<\/div>\n\t\t\t\t\t\t\t<\/div>\n\t\t\t\t\t\t\t\t\t\t\t\t\t<div class=\"col-lg-4 col-md-6 col-12\">\n\t\t\t\t\t\t\t\t<div class=\"wpo-service-item\">\n\t\t\t\t\t\t\t\t\t<div class=\"wpo-service-img\">\n\t\t\t\t\t\t\t\t\t\t<img decoding=\"async\" src=\"https:\/\/torresheiztechnik.de\/wp-content\/uploads\/2025\/04\/ChatGPT-Image-11.-Apr.-2025-22_46_56.png\" alt=\"\">\t\t\t\t\t\t\t\t\t<\/div>\n\t\t\t\t\t\t\t\t\t<div class=\"wpo-service-text\">\n\t\t\t\t\t\t\t\t\t\t<h2>\n\t\t\t\t\t\t\t\t\t\t\t<a href=\"https:\/\/torresheiztechnik.de\/index.php\/service\/heizungs-sanitaernotdienst-schnelle-hilfe-wenns-drauf-ankommt\/\">\n\t\t\t\t\t\t\t\t\t\t\t\tHeizungs- &amp; Sanit\u00e4rnotdienst | 24h Hilfe bei Notf\u00e4llen \u2013 Schnell &amp; Zuverl\u00e4ssig\t\t\t\t\t\t\t\t\t\t\t<\/a>\n\t\t\t\t\t\t\t\t\t\t<\/h2>\n\t\t\t\t\t\t\t\t\t\t<p>24h Heizungs- und Sanit\u00e4rnotdienst \u2013 schnelle Hilfe bei Rohrbruch, Heizungsausfall oder Wassersch\u00e4den. Zuverl\u00e4ssig, fachgerecht und rund um die Uhr f\u00fcr Sie da!<\/p>\n\t\t\t\t\t\t\t\t\t\t\t\t\t\t\t\t\t\t\t\t\t<a class=\"readmore\" href=\"https:\/\/torresheiztechnik.de\/index.php\/service\/heizungs-sanitaernotdienst-schnelle-hilfe-wenns-drauf-ankommt\/\">\n\t\t\t\t\t\t\t\t\t\t\t\tMehr Informationen\t\t\t\t\t\t\t\t\t\t\t\t<i class=\"fa fa-angle-double-right\" aria-hidden=\"true\"><\/i>\n\t\t\t\t\t\t\t\t\t\t\t<\/a>\n\t\t\t\t\t\t\t\t\t\t\t\t\t\t\t\t\t\t\t<\/div>\n\t\t\t\t\t\t\t\t<\/div>\n\t\t\t\t\t\t\t<\/div>\n\t\t\t\t\t\t\t\t\t\t\t<\/div>\n\t\t\t\t<\/div>\n\t\t\t<\/div>\n\t\t\t\t<\/div>\n\t\t\t\t<\/div>\n\t\t\t\t\t<\/div>\n\t\t<\/div>\n\t\t\t\t\t<\/div>\n\t\t<\/section>\n\t\t\t\t<section class=\"elementor-section elementor-top-section elementor-element elementor-element-5f354db elementor-section-full_width elementor-section-height-default elementor-section-height-default\" data-id=\"5f354db\" data-element_type=\"section\" data-e-type=\"section\">\n\t\t\t\t\t\t<div class=\"elementor-container elementor-column-gap-no\">\n\t\t\t\t\t<div class=\"elementor-column elementor-col-100 elementor-top-column elementor-element elementor-element-61bd9c0\" data-id=\"61bd9c0\" data-element_type=\"column\" data-e-type=\"column\">\n\t\t\t<div class=\"elementor-widget-wrap elementor-element-populated\">\n\t\t\t\t\t\t<div class=\"elementor-element elementor-element-0b97a86 elementor-widget elementor-widget-wpo-plumco_video_form\" data-id=\"0b97a86\" data-element_type=\"widget\" data-e-type=\"widget\" data-settings=\"{&quot;form_image&quot;:{&quot;url&quot;:&quot;https:\\\/\\\/torresheiztechnik.de\\\/wp-content\\\/uploads\\\/2025\\\/04\\\/ChatGPT-Image-13.-Apr.-2025-21_17_41.png&quot;,&quot;id&quot;:964,&quot;size&quot;:&quot;&quot;,&quot;alt&quot;:&quot;&quot;,&quot;source&quot;:&quot;library&quot;},&quot;form_shape&quot;:{&quot;url&quot;:&quot;&quot;,&quot;id&quot;:&quot;&quot;,&quot;size&quot;:&quot;&quot;,&quot;alt&quot;:&quot;&quot;,&quot;source&quot;:&quot;library&quot;}}\" data-widget_type=\"wpo-plumco_video_form.default\">\n\t\t\t\t<div class=\"elementor-widget-container\">\n\t\t\t\t\t\t\t<div class=\"wpo-contact-section section-padding\">\n\t\t\t<div class=\"wpo-contact-img\">\n\t\t\t\t<img decoding=\"async\" src=\"https:\/\/torresheiztechnik.de\/wp-content\/uploads\/2025\/04\/ChatGPT-Image-13.-Apr.-2025-21_17_41.png\" alt=\"\">\t\t\t<\/div>\n\t\t\t<div class=\"wpo-contact-img-s2\">\n\t\t\t\t\t\t\t<\/div>\n\t\t\t<div class=\"container\">\n\t\t\t\t<div class=\"wpo-contact-section-wrapper\">\n\t\t\t\t\t<div class=\"row align-items-center\">\n\t\t\t\t\t\t<div class=\"col-lg-6 col-md-12 col-12\">\n\t\t\t\t\t\t\t<div class=\"wpo-contact-form-area\">\n\t\t\t\t\t\t\t\t<div class=\"wpo-section-title-s2\">\n\t\t\t\t\t\t\t\t\t<span>Kontakt<\/span><h2>Einfach Formular ausf\u00fcllen, wir k\u00fcmmern uns um Ihr Anliegen. Pers\u00f6nlich, schnell, zuverl\u00e4ssig.<\/h2>\t\t\t\t\t\t\t\t<\/div>\n\t\t\t\t\t\t\t\t<div class=\"form-area\">\n\t\t\t\t\t\t\t\t\t\n<div class=\"wpcf7 no-js\" id=\"wpcf7-f231-o1\" lang=\"en-US\" dir=\"ltr\" data-wpcf7-id=\"231\">\n<div class=\"screen-reader-response\"><p role=\"status\" aria-live=\"polite\" aria-atomic=\"true\"><\/p> <ul><\/ul><\/div>\n<form action=\"\/index.php\/wp-json\/wp\/v2\/pages\/694#wpcf7-f231-o1\" method=\"post\" class=\"wpcf7-form init\" aria-label=\"Contact form\" novalidate=\"novalidate\" data-status=\"init\">\n<fieldset class=\"hidden-fields-container\"><input type=\"hidden\" name=\"_wpcf7\" value=\"231\" \/><input type=\"hidden\" name=\"_wpcf7_version\" value=\"6.1.5\" \/><input type=\"hidden\" name=\"_wpcf7_locale\" value=\"en_US\" \/><input type=\"hidden\" name=\"_wpcf7_unit_tag\" value=\"wpcf7-f231-o1\" \/><input type=\"hidden\" name=\"_wpcf7_container_post\" value=\"0\" \/><input type=\"hidden\" name=\"_wpcf7_posted_data_hash\" value=\"\" \/>\n<\/fieldset>\n<div class=\"row\">\n\t<div class=\"col col-lg-6 col-md-6 col-12\">\n\t\t<div class=\"form-group\">\n\t\t\t<p><label>ihr Name*<\/label><br \/>\n<span class=\"wpcf7-form-control-wrap\" data-name=\"text-965\"><input size=\"40\" maxlength=\"400\" class=\"wpcf7-form-control wpcf7-text wpcf7-validates-as-required form-control\" aria-required=\"true\" aria-invalid=\"false\" placeholder=\"Felipe Torres\" value=\"\" type=\"text\" name=\"text-965\" \/><\/span>\n\t\t\t<\/p>\n\t\t<\/div>\n\t<\/div>\n\t<div class=\"col col-lg-6 col-md-6 col-12\">\n\t\t<div class=\"form-group\">\n\t\t\t<p><label>Email Adresse*<\/label><br \/>\n<span class=\"wpcf7-form-control-wrap\" data-name=\"email-904\"><input size=\"40\" maxlength=\"400\" class=\"wpcf7-form-control wpcf7-email wpcf7-validates-as-required wpcf7-text wpcf7-validates-as-email form-control\" aria-required=\"true\" aria-invalid=\"false\" placeholder=\"felipe@torresheiztechnik.de\" value=\"\" type=\"email\" name=\"email-904\" \/><\/span>\n\t\t\t<\/p>\n\t\t<\/div>\n\t<\/div>\n\t<div class=\"col col-lg-6 col-md-6 col-12\">\n\t\t<div class=\"form-group\">\n\t\t\t<p><label>Telefonnummer*<\/label><br \/>\n<span class=\"wpcf7-form-control-wrap\" data-name=\"tel-578\"><input size=\"40\" maxlength=\"400\" class=\"wpcf7-form-control wpcf7-tel wpcf7-validates-as-required wpcf7-text wpcf7-validates-as-tel form-control\" aria-required=\"true\" aria-invalid=\"false\" placeholder=\"+49 *** *** ***\" value=\"\" type=\"tel\" name=\"tel-578\" \/><\/span>\n\t\t\t<\/p>\n\t\t<\/div>\n\t<\/div>\n\t<div class=\"col col-lg-6 col-md-6 col-12\">\n\t\t<div class=\"form-group\">\n\t\t\t<p><label>Service ausw\u00e4hlen*<\/label><br \/>\n<span class=\"wpcf7-form-control-wrap\" data-name=\"menu-503\"><select class=\"wpcf7-form-control wpcf7-select wpcf7-validates-as-required form-control\" aria-required=\"true\" aria-invalid=\"false\" name=\"menu-503\"><option value=\"Subject\">Subject<\/option><option value=\"W\u00e4rmepumpe\">W\u00e4rmepumpe<\/option><option value=\"Solarthermie\">Solarthermie<\/option><option value=\"Wartung\/Instandsetzung\">Wartung\/Instandsetzung<\/option><option value=\"Notdienst\">Notdienst<\/option><option value=\"Allgemeine Anfrage\">Allgemeine Anfrage<\/option><\/select><\/span>\n\t\t\t<\/p>\n\t\t<\/div>\n\t<\/div>\n\t<div class=\"col fullwidth col-lg-12 \">\n\t\t<div class=\"form-group\">\n\t\t\t<p><label>Beschreibung*<\/label><br \/>\n<span class=\"wpcf7-form-control-wrap\" data-name=\"textarea-698\"><textarea cols=\"40\" rows=\"10\" maxlength=\"2000\" class=\"wpcf7-form-control wpcf7-textarea wpcf7-validates-as-required form-control\" aria-required=\"true\" aria-invalid=\"false\" placeholder=\"Hier die Nachricht eingeben\" name=\"textarea-698\"><\/textarea><\/span>\n\t\t\t<\/p>\n\t\t<\/div>\n\t<\/div>\n<\/div>\n<div class=\"submit-area\">\n\t<p><input class=\"wpcf7-form-control wpcf7-submit has-spinner theme-btn\" type=\"submit\" value=\"Senden\" \/>\n\t<\/p>\n<\/div><p style=\"display: none !important;\" class=\"akismet-fields-container\" data-prefix=\"_wpcf7_ak_\"><label>&#916;<textarea name=\"_wpcf7_ak_hp_textarea\" cols=\"45\" rows=\"8\" maxlength=\"100\"><\/textarea><\/label><input type=\"hidden\" id=\"ak_js_1\" name=\"_wpcf7_ak_js\" value=\"220\"\/><script>document.getElementById( \"ak_js_1\" ).setAttribute( \"value\", ( new Date() ).getTime() );<\/script><\/p><div class=\"wpcf7-response-output\" aria-hidden=\"true\"><\/div>\n<\/form>\n<\/div>\n\t\t\t\t\t\t\t\t<\/div>\n\t\t\t\t\t\t\t\t<div class=\"border-style\"><\/div>\n\t\t\t\t\t\t\t<\/div>\n\t\t\t\t\t\t<\/div>\n\t\t\t\t\t<\/div>\n\t\t\t\t<\/div>\n\t\t\t<\/div>\n\t\t<\/div>\n\t\t\t\t<\/div>\n\t\t\t\t<\/div>\n\t\t\t\t\t<\/div>\n\t\t<\/div>\n\t\t\t\t\t<\/div>\n\t\t<\/section>\n\t\t\t\t<\/div>\n\t\t","protected":false},"excerpt":{"rendered":"Energie sparen. Effizienz erh\u00f6hen. Dienstleistungen Termin vereinbaren Leistungsumfang besprechen Angebot einholen Unsere Leistungen \u2013 Services Rund um Heiztechnik &amp; Sanit\u00e4r Ob Neubau, Modernisierung oder Reparatur \u2013 wir sind Ihr zuverl\u00e4ssiger Partner f\u00fcr alle Arbeiten rund um Heiztechnik- und Sanit\u00e4rleistungen. Jetzt auf W\u00e4rmepumpe umsteigen und Heizkosten senken! Wir beraten Sie rund um moderne Heiztechnik, F\u00f6rdermittel &amp; ","protected":false},"author":1,"featured_media":0,"parent":0,"menu_order":0,"comment_status":"closed","ping_status":"closed","template":"elementor_header_footer","meta":{"_monsterinsights_skip_tracking":false,"_monsterinsights_sitenote_active":false,"_monsterinsights_sitenote_note":"","_monsterinsights_sitenote_category":0,"footnotes":""},"class_list":["post-694","page","type-page","status-publish","hentry"],"aioseo_notices":[],"_links":{"self":[{"href":"https:\/\/torresheiztechnik.de\/index.php\/wp-json\/wp\/v2\/pages\/694","targetHints":{"allow":["GET"]}}],"collection":[{"href":"https:\/\/torresheiztechnik.de\/index.php\/wp-json\/wp\/v2\/pages"}],"about":[{"href":"https:\/\/torresheiztechnik.de\/index.php\/wp-json\/wp\/v2\/types\/page"}],"author":[{"embeddable":true,"href":"https:\/\/torresheiztechnik.de\/index.php\/wp-json\/wp\/v2\/users\/1"}],"replies":[{"embeddable":true,"href":"https:\/\/torresheiztechnik.de\/index.php\/wp-json\/wp\/v2\/comments?post=694"}],"version-history":[{"count":110,"href":"https:\/\/torresheiztechnik.de\/index.php\/wp-json\/wp\/v2\/pages\/694\/revisions"}],"predecessor-version":[{"id":1061,"href":"https:\/\/torresheiztechnik.de\/index.php\/wp-json\/wp\/v2\/pages\/694\/revisions\/1061"}],"wp:attachment":[{"href":"https:\/\/torresheiztechnik.de\/index.php\/wp-json\/wp\/v2\/media?parent=694"}],"curies":[{"name":"wp","href":"https:\/\/api.w.org\/{rel}","templated":true}]}}