{"id":21,"date":"2021-11-02T05:53:08","date_gmt":"2021-11-02T05:53:08","guid":{"rendered":"https:\/\/wpocean.com\/wp\/plumco\/?page_id=21"},"modified":"2025-08-24T12:57:47","modified_gmt":"2025-08-24T12:57:47","slug":"services","status":"publish","type":"page","link":"https:\/\/torresheiztechnik.de\/index.php\/services\/","title":{"rendered":"Dienstleistungen"},"content":{"rendered":"\t\t<div data-elementor-type=\"wp-page\" data-elementor-id=\"21\" class=\"elementor elementor-21\">\n\t\t\t\t\t\t<section class=\"elementor-section elementor-top-section elementor-element elementor-element-788e034 elementor-section-full_width elementor-section-height-default elementor-section-height-default\" data-id=\"788e034\" data-element_type=\"section\" data-e-type=\"section\" data-settings=\"{&quot;background_background&quot;:&quot;classic&quot;}\">\n\t\t\t\t\t\t<div class=\"elementor-container elementor-column-gap-no\">\n\t\t\t\t\t<div class=\"elementor-column elementor-col-100 elementor-top-column elementor-element elementor-element-99cda57\" data-id=\"99cda57\" data-element_type=\"column\" data-e-type=\"column\">\n\t\t\t<div class=\"elementor-widget-wrap elementor-element-populated\">\n\t\t\t\t\t\t<div class=\"elementor-element elementor-element-974d474 elementor-widget elementor-widget-wpo-plumco_service\" data-id=\"974d474\" data-element_type=\"widget\" data-e-type=\"widget\" data-widget_type=\"wpo-plumco_service.default\">\n\t\t\t\t<div class=\"elementor-widget-container\">\n\t\t\t\t\t\n\t\t\t<div class=\"wpo-service-section\">\n\t\t\t\t<div class=\"container\">\n\t\t\t\t\t<div class=\"row\">\n\t\t\t\t\t\t\t\t\t\t\t\t\t<div class=\"col-lg-4 col-md-6 col-12\">\n\t\t\t\t\t\t\t\t<div class=\"wpo-service-item\">\n\t\t\t\t\t\t\t\t\t<div class=\"wpo-service-img\">\n\t\t\t\t\t\t\t\t\t\t<img decoding=\"async\" src=\"https:\/\/torresheiztechnik.de\/wp-content\/uploads\/2025\/04\/ChatGPT-Image-11.-Apr.-2025-22_41_46.png\" alt=\"\">\t\t\t\t\t\t\t\t\t<\/div>\n\t\t\t\t\t\t\t\t\t<div class=\"wpo-service-text\">\n\t\t\t\t\t\t\t\t\t\t<h2>\n\t\t\t\t\t\t\t\t\t\t\t<a href=\"https:\/\/torresheiztechnik.de\/index.php\/service\/waermepumpe-2\/\">\n\t\t\t\t\t\t\t\t\t\t\t\tJetzt auf W\u00e4rmepumpe umsteigen und Heizkosten senken!\t\t\t\t\t\t\t\t\t\t\t<\/a>\n\t\t\t\t\t\t\t\t\t\t<\/h2>\n\t\t\t\t\t\t\t\t\t\t<p>Wir beraten Sie rund um moderne Heiztechnik, F\u00f6rdermittel &amp; Einbau \u2013 vom Fachbetrieb mit Erfahrung.<\/p>\n\t\t\t\t\t\t\t\t\t\t\t\t\t\t\t\t\t\t\t\t\t<a class=\"readmore\" href=\"https:\/\/torresheiztechnik.de\/index.php\/service\/waermepumpe-2\/\">\n\t\t\t\t\t\t\t\t\t\t\t\tRead More\t\t\t\t\t\t\t\t\t\t\t\t<i class=\"fa fa-angle-double-right\" aria-hidden=\"true\"><\/i>\n\t\t\t\t\t\t\t\t\t\t\t<\/a>\n\t\t\t\t\t\t\t\t\t\t\t\t\t\t\t\t\t\t\t<\/div>\n\t\t\t\t\t\t\t\t<\/div>\n\t\t\t\t\t\t\t<\/div>\n\t\t\t\t\t\t\t\t\t\t\t\t\t<div class=\"col-lg-4 col-md-6 col-12\">\n\t\t\t\t\t\t\t\t<div class=\"wpo-service-item\">\n\t\t\t\t\t\t\t\t\t<div class=\"wpo-service-img\">\n\t\t\t\t\t\t\t\t\t\t<img decoding=\"async\" src=\"https:\/\/torresheiztechnik.de\/wp-content\/uploads\/2025\/04\/11.-Apr.-2025-23_02_32.png\" alt=\"\">\t\t\t\t\t\t\t\t\t<\/div>\n\t\t\t\t\t\t\t\t\t<div class=\"wpo-service-text\">\n\t\t\t\t\t\t\t\t\t\t<h2>\n\t\t\t\t\t\t\t\t\t\t\t<a href=\"https:\/\/torresheiztechnik.de\/index.php\/service\/solarthermie-waerme-aus-sonnenkraft-nutzen\/\">\n\t\t\t\t\t\t\t\t\t\t\t\tSolarthermie installieren lassen \u2013 Beratung &amp; Montage vom Profi\t\t\t\t\t\t\t\t\t\t\t<\/a>\n\t\t\t\t\t\t\t\t\t\t<\/h2>\n\t\t\t\t\t\t\t\t\t\t<p>Nutzen Sie die Kraft der Sonne! Wir planen &amp; installieren Ihre Solarthermieanlage \u2013 inkl. Beratung, Vor-Ort-Service &amp; F\u00f6rderung. Jetzt kostenlos informieren!<\/p>\n\t\t\t\t\t\t\t\t\t\t\t\t\t\t\t\t\t\t\t\t\t<a class=\"readmore\" href=\"https:\/\/torresheiztechnik.de\/index.php\/service\/solarthermie-waerme-aus-sonnenkraft-nutzen\/\">\n\t\t\t\t\t\t\t\t\t\t\t\tRead More\t\t\t\t\t\t\t\t\t\t\t\t<i class=\"fa fa-angle-double-right\" aria-hidden=\"true\"><\/i>\n\t\t\t\t\t\t\t\t\t\t\t<\/a>\n\t\t\t\t\t\t\t\t\t\t\t\t\t\t\t\t\t\t\t<\/div>\n\t\t\t\t\t\t\t\t<\/div>\n\t\t\t\t\t\t\t<\/div>\n\t\t\t\t\t\t\t\t\t\t\t\t\t<div class=\"col-lg-4 col-md-6 col-12\">\n\t\t\t\t\t\t\t\t<div class=\"wpo-service-item\">\n\t\t\t\t\t\t\t\t\t<div class=\"wpo-service-img\">\n\t\t\t\t\t\t\t\t\t\t<img decoding=\"async\" src=\"https:\/\/torresheiztechnik.de\/wp-content\/uploads\/2025\/04\/ChatGPT-Image-11.-Apr.-2025-22_41_43.png\" alt=\"\">\t\t\t\t\t\t\t\t\t<\/div>\n\t\t\t\t\t\t\t\t\t<div class=\"wpo-service-text\">\n\t\t\t\t\t\t\t\t\t\t<h2>\n\t\t\t\t\t\t\t\t\t\t\t<a href=\"https:\/\/torresheiztechnik.de\/index.php\/service\/sanitaerinstallationen-ihr-zuverlaessiger-partner-fuer-bad-co\/\">\n\t\t\t\t\t\t\t\t\t\t\t\tSanit\u00e4rinstallationen vom Profi \u2013 Badmodernisierung &amp; mehr\t\t\t\t\t\t\t\t\t\t\t<\/a>\n\t\t\t\t\t\t\t\t\t\t<\/h2>\n\t\t\t\t\t\t\t\t\t\t<p>Individuelle Sanit\u00e4rinstallationen vom Fachbetrieb \u2013 von der Badmodernisierung bis zur Neuinstallation. Jetzt beraten lassen &amp; Wohlf\u00fchlbad planen!<\/p>\n\t\t\t\t\t\t\t\t\t\t\t\t\t\t\t\t\t\t\t\t\t<a class=\"readmore\" href=\"https:\/\/torresheiztechnik.de\/index.php\/service\/sanitaerinstallationen-ihr-zuverlaessiger-partner-fuer-bad-co\/\">\n\t\t\t\t\t\t\t\t\t\t\t\tRead More\t\t\t\t\t\t\t\t\t\t\t\t<i class=\"fa fa-angle-double-right\" aria-hidden=\"true\"><\/i>\n\t\t\t\t\t\t\t\t\t\t\t<\/a>\n\t\t\t\t\t\t\t\t\t\t\t\t\t\t\t\t\t\t\t<\/div>\n\t\t\t\t\t\t\t\t<\/div>\n\t\t\t\t\t\t\t<\/div>\n\t\t\t\t\t\t\t\t\t\t\t\t\t<div class=\"col-lg-4 col-md-6 col-12\">\n\t\t\t\t\t\t\t\t<div class=\"wpo-service-item\">\n\t\t\t\t\t\t\t\t\t<div class=\"wpo-service-img\">\n\t\t\t\t\t\t\t\t\t\t<img decoding=\"async\" src=\"https:\/\/torresheiztechnik.de\/wp-content\/uploads\/2025\/04\/ChatGPT-Image-11.-Apr.-2025-22_46_56.png\" alt=\"\">\t\t\t\t\t\t\t\t\t<\/div>\n\t\t\t\t\t\t\t\t\t<div class=\"wpo-service-text\">\n\t\t\t\t\t\t\t\t\t\t<h2>\n\t\t\t\t\t\t\t\t\t\t\t<a href=\"https:\/\/torresheiztechnik.de\/index.php\/service\/heizungs-sanitaernotdienst-schnelle-hilfe-wenns-drauf-ankommt\/\">\n\t\t\t\t\t\t\t\t\t\t\t\tHeizungs- &amp; Sanit\u00e4rnotdienst | 24h Hilfe bei Notf\u00e4llen \u2013 Schnell &amp; Zuverl\u00e4ssig\t\t\t\t\t\t\t\t\t\t\t<\/a>\n\t\t\t\t\t\t\t\t\t\t<\/h2>\n\t\t\t\t\t\t\t\t\t\t<p>24h Heizungs- und Sanit\u00e4rnotdienst \u2013 schnelle Hilfe bei Rohrbruch, Heizungsausfall oder Wassersch\u00e4den. Zuverl\u00e4ssig, fachgerecht und rund um die Uhr f\u00fcr Sie da!<\/p>\n\t\t\t\t\t\t\t\t\t\t\t\t\t\t\t\t\t\t\t\t\t<a class=\"readmore\" href=\"https:\/\/torresheiztechnik.de\/index.php\/service\/heizungs-sanitaernotdienst-schnelle-hilfe-wenns-drauf-ankommt\/\">\n\t\t\t\t\t\t\t\t\t\t\t\tRead More\t\t\t\t\t\t\t\t\t\t\t\t<i class=\"fa fa-angle-double-right\" aria-hidden=\"true\"><\/i>\n\t\t\t\t\t\t\t\t\t\t\t<\/a>\n\t\t\t\t\t\t\t\t\t\t\t\t\t\t\t\t\t\t\t<\/div>\n\t\t\t\t\t\t\t\t<\/div>\n\t\t\t\t\t\t\t<\/div>\n\t\t\t\t\t\t\t\t\t\t\t<\/div>\n\t\t\t\t<\/div>\n\t\t\t<\/div>\n\t\t\t\t<\/div>\n\t\t\t\t<\/div>\n\t\t\t\t\t<\/div>\n\t\t<\/div>\n\t\t\t\t\t<\/div>\n\t\t<\/section>\n\t\t\t\t<\/div>\n\t\t","protected":false},"excerpt":{"rendered":"Jetzt auf W\u00e4rmepumpe umsteigen und Heizkosten senken! Wir beraten Sie rund um moderne Heiztechnik, F\u00f6rdermittel &amp; Einbau \u2013 vom Fachbetrieb mit Erfahrung. Read More Solarthermie installieren lassen \u2013 Beratung &amp; Montage vom Profi Nutzen Sie die Kraft der Sonne! Wir planen &amp; installieren Ihre Solarthermieanlage \u2013 inkl. Beratung, Vor-Ort-Service &amp; F\u00f6rderung. Jetzt kostenlos informieren! Read ","protected":false},"author":1,"featured_media":0,"parent":0,"menu_order":0,"comment_status":"closed","ping_status":"closed","template":"elementor_header_footer","meta":{"_monsterinsights_skip_tracking":false,"_monsterinsights_sitenote_active":false,"_monsterinsights_sitenote_note":"","_monsterinsights_sitenote_category":0,"footnotes":""},"class_list":["post-21","page","type-page","status-publish","hentry"],"aioseo_notices":[],"_links":{"self":[{"href":"https:\/\/torresheiztechnik.de\/index.php\/wp-json\/wp\/v2\/pages\/21","targetHints":{"allow":["GET"]}}],"collection":[{"href":"https:\/\/torresheiztechnik.de\/index.php\/wp-json\/wp\/v2\/pages"}],"about":[{"href":"https:\/\/torresheiztechnik.de\/index.php\/wp-json\/wp\/v2\/types\/page"}],"author":[{"embeddable":true,"href":"https:\/\/torresheiztechnik.de\/index.php\/wp-json\/wp\/v2\/users\/1"}],"replies":[{"embeddable":true,"href":"https:\/\/torresheiztechnik.de\/index.php\/wp-json\/wp\/v2\/comments?post=21"}],"version-history":[{"count":4,"href":"https:\/\/torresheiztechnik.de\/index.php\/wp-json\/wp\/v2\/pages\/21\/revisions"}],"predecessor-version":[{"id":1012,"href":"https:\/\/torresheiztechnik.de\/index.php\/wp-json\/wp\/v2\/pages\/21\/revisions\/1012"}],"wp:attachment":[{"href":"https:\/\/torresheiztechnik.de\/index.php\/wp-json\/wp\/v2\/media?parent=21"}],"curies":[{"name":"wp","href":"https:\/\/api.w.org\/{rel}","templated":true}]}}