{"id":19,"date":"2021-11-02T05:52:54","date_gmt":"2021-11-02T05:52:54","guid":{"rendered":"https:\/\/wpocean.com\/wp\/plumco\/?page_id=19"},"modified":"2026-04-04T14:50:51","modified_gmt":"2026-04-04T14:50:51","slug":"contact","status":"publish","type":"page","link":"https:\/\/torresheiztechnik.de\/index.php\/contact\/","title":{"rendered":"Kontakt"},"content":{"rendered":"\t\t<div data-elementor-type=\"wp-page\" data-elementor-id=\"19\" class=\"elementor elementor-19\">\n\t\t\t\t\t\t<section class=\"elementor-section elementor-top-section elementor-element elementor-element-ffcb0f3 elementor-section-full_width elementor-section-height-default elementor-section-height-default\" data-id=\"ffcb0f3\" data-element_type=\"section\" data-e-type=\"section\">\n\t\t\t\t\t\t<div class=\"elementor-container elementor-column-gap-no\">\n\t\t\t\t\t<div class=\"elementor-column elementor-col-100 elementor-top-column elementor-element elementor-element-1a21fba\" data-id=\"1a21fba\" data-element_type=\"column\" data-e-type=\"column\">\n\t\t\t<div class=\"elementor-widget-wrap elementor-element-populated\">\n\t\t\t\t\t\t<div class=\"elementor-element elementor-element-fce6943 elementor-widget elementor-widget-wpo-plumco_video_form\" data-id=\"fce6943\" data-element_type=\"widget\" data-e-type=\"widget\" data-settings=\"{&quot;form_image&quot;:{&quot;url&quot;:&quot;https:\\\/\\\/torresheiztechnik.de\\\/wp-content\\\/uploads\\\/2025\\\/04\\\/ChatGPT-Image-13.-Apr.-2025-21_17_41.png&quot;,&quot;id&quot;:964,&quot;size&quot;:&quot;&quot;,&quot;alt&quot;:&quot;&quot;,&quot;source&quot;:&quot;library&quot;},&quot;form_shape&quot;:{&quot;url&quot;:&quot;&quot;,&quot;id&quot;:&quot;&quot;,&quot;size&quot;:&quot;&quot;,&quot;alt&quot;:&quot;&quot;,&quot;source&quot;:&quot;library&quot;}}\" data-widget_type=\"wpo-plumco_video_form.default\">\n\t\t\t\t<div class=\"elementor-widget-container\">\n\t\t\t\t\t\t\t<div class=\"wpo-contact-section section-padding\">\n\t\t\t<div class=\"wpo-contact-img\">\n\t\t\t\t<img decoding=\"async\" src=\"https:\/\/torresheiztechnik.de\/wp-content\/uploads\/2025\/04\/ChatGPT-Image-13.-Apr.-2025-21_17_41.png\" alt=\"\">\t\t\t<\/div>\n\t\t\t<div class=\"wpo-contact-img-s2\">\n\t\t\t\t\t\t\t<\/div>\n\t\t\t<div class=\"container\">\n\t\t\t\t<div class=\"wpo-contact-section-wrapper\">\n\t\t\t\t\t<div class=\"row align-items-center\">\n\t\t\t\t\t\t<div class=\"col-lg-6 col-md-12 col-12\">\n\t\t\t\t\t\t\t<div class=\"wpo-contact-form-area\">\n\t\t\t\t\t\t\t\t<div class=\"wpo-section-title-s2\">\n\t\t\t\t\t\t\t\t\t<span>KONTAKT<\/span><h2>Einfach das Formular ausf\u00fcllen und wir k\u00fcmmern uns darum. Pers\u00f6nlich, Schnell, Zuverl\u00e4ssig.<\/h2>\t\t\t\t\t\t\t\t<\/div>\n\t\t\t\t\t\t\t\t<div class=\"form-area\">\n\t\t\t\t\t\t\t\t\t\n<div class=\"wpcf7 no-js\" id=\"wpcf7-f231-o1\" lang=\"en-US\" dir=\"ltr\" data-wpcf7-id=\"231\">\n<div class=\"screen-reader-response\"><p role=\"status\" aria-live=\"polite\" aria-atomic=\"true\"><\/p> <ul><\/ul><\/div>\n<form action=\"\/index.php\/wp-json\/wp\/v2\/pages\/19#wpcf7-f231-o1\" method=\"post\" class=\"wpcf7-form init\" aria-label=\"Contact form\" novalidate=\"novalidate\" data-status=\"init\">\n<fieldset class=\"hidden-fields-container\"><input type=\"hidden\" name=\"_wpcf7\" value=\"231\" \/><input type=\"hidden\" name=\"_wpcf7_version\" value=\"6.1.5\" \/><input type=\"hidden\" name=\"_wpcf7_locale\" value=\"en_US\" \/><input type=\"hidden\" name=\"_wpcf7_unit_tag\" value=\"wpcf7-f231-o1\" \/><input type=\"hidden\" name=\"_wpcf7_container_post\" value=\"0\" \/><input type=\"hidden\" name=\"_wpcf7_posted_data_hash\" value=\"\" \/>\n<\/fieldset>\n<div class=\"row\">\n\t<div class=\"col col-lg-6 col-md-6 col-12\">\n\t\t<div class=\"form-group\">\n\t\t\t<p><label>ihr Name*<\/label><br \/>\n<span class=\"wpcf7-form-control-wrap\" data-name=\"text-965\"><input size=\"40\" maxlength=\"400\" class=\"wpcf7-form-control wpcf7-text wpcf7-validates-as-required form-control\" aria-required=\"true\" aria-invalid=\"false\" placeholder=\"Felipe Torres\" value=\"\" type=\"text\" name=\"text-965\" \/><\/span>\n\t\t\t<\/p>\n\t\t<\/div>\n\t<\/div>\n\t<div class=\"col col-lg-6 col-md-6 col-12\">\n\t\t<div class=\"form-group\">\n\t\t\t<p><label>Email Adresse*<\/label><br \/>\n<span class=\"wpcf7-form-control-wrap\" data-name=\"email-904\"><input size=\"40\" maxlength=\"400\" class=\"wpcf7-form-control wpcf7-email wpcf7-validates-as-required wpcf7-text wpcf7-validates-as-email form-control\" aria-required=\"true\" aria-invalid=\"false\" placeholder=\"felipe@torresheiztechnik.de\" value=\"\" type=\"email\" name=\"email-904\" \/><\/span>\n\t\t\t<\/p>\n\t\t<\/div>\n\t<\/div>\n\t<div class=\"col col-lg-6 col-md-6 col-12\">\n\t\t<div class=\"form-group\">\n\t\t\t<p><label>Telefonnummer*<\/label><br \/>\n<span class=\"wpcf7-form-control-wrap\" data-name=\"tel-578\"><input size=\"40\" maxlength=\"400\" class=\"wpcf7-form-control wpcf7-tel wpcf7-validates-as-required wpcf7-text wpcf7-validates-as-tel form-control\" aria-required=\"true\" aria-invalid=\"false\" placeholder=\"+49 *** *** ***\" value=\"\" type=\"tel\" name=\"tel-578\" \/><\/span>\n\t\t\t<\/p>\n\t\t<\/div>\n\t<\/div>\n\t<div class=\"col col-lg-6 col-md-6 col-12\">\n\t\t<div class=\"form-group\">\n\t\t\t<p><label>Service ausw\u00e4hlen*<\/label><br \/>\n<span class=\"wpcf7-form-control-wrap\" data-name=\"menu-503\"><select class=\"wpcf7-form-control wpcf7-select wpcf7-validates-as-required form-control\" aria-required=\"true\" aria-invalid=\"false\" name=\"menu-503\"><option value=\"Subject\">Subject<\/option><option value=\"W\u00e4rmepumpe\">W\u00e4rmepumpe<\/option><option value=\"Solarthermie\">Solarthermie<\/option><option value=\"Wartung\/Instandsetzung\">Wartung\/Instandsetzung<\/option><option value=\"Notdienst\">Notdienst<\/option><option value=\"Allgemeine Anfrage\">Allgemeine Anfrage<\/option><\/select><\/span>\n\t\t\t<\/p>\n\t\t<\/div>\n\t<\/div>\n\t<div class=\"col fullwidth col-lg-12 \">\n\t\t<div class=\"form-group\">\n\t\t\t<p><label>Beschreibung*<\/label><br \/>\n<span class=\"wpcf7-form-control-wrap\" data-name=\"textarea-698\"><textarea cols=\"40\" rows=\"10\" maxlength=\"2000\" class=\"wpcf7-form-control wpcf7-textarea wpcf7-validates-as-required form-control\" aria-required=\"true\" aria-invalid=\"false\" placeholder=\"Hier die Nachricht eingeben\" name=\"textarea-698\"><\/textarea><\/span>\n\t\t\t<\/p>\n\t\t<\/div>\n\t<\/div>\n<\/div>\n<div class=\"submit-area\">\n\t<p><input class=\"wpcf7-form-control wpcf7-submit has-spinner theme-btn\" type=\"submit\" value=\"Senden\" \/>\n\t<\/p>\n<\/div><p style=\"display: none !important;\" class=\"akismet-fields-container\" data-prefix=\"_wpcf7_ak_\"><label>&#916;<textarea name=\"_wpcf7_ak_hp_textarea\" cols=\"45\" rows=\"8\" maxlength=\"100\"><\/textarea><\/label><input type=\"hidden\" id=\"ak_js_1\" name=\"_wpcf7_ak_js\" value=\"250\"\/><script>document.getElementById( \"ak_js_1\" ).setAttribute( \"value\", ( new Date() ).getTime() );<\/script><\/p><div class=\"wpcf7-response-output\" aria-hidden=\"true\"><\/div>\n<\/form>\n<\/div>\n\t\t\t\t\t\t\t\t<\/div>\n\t\t\t\t\t\t\t\t<div class=\"border-style\"><\/div>\n\t\t\t\t\t\t\t<\/div>\n\t\t\t\t\t\t<\/div>\n\t\t\t\t\t<\/div>\n\t\t\t\t<\/div>\n\t\t\t<\/div>\n\t\t<\/div>\n\t\t\t\t<\/div>\n\t\t\t\t<\/div>\n\t\t\t\t\t<\/div>\n\t\t<\/div>\n\t\t\t\t\t<\/div>\n\t\t<\/section>\n\t\t\t\t<section class=\"elementor-section elementor-top-section elementor-element elementor-element-7061756 elementor-section-full_width elementor-section-height-default elementor-section-height-default\" data-id=\"7061756\" data-element_type=\"section\" data-e-type=\"section\">\n\t\t\t\t\t\t<div class=\"elementor-container elementor-column-gap-no\">\n\t\t\t\t\t<div class=\"elementor-column elementor-col-100 elementor-top-column elementor-element elementor-element-b6f0be5\" data-id=\"b6f0be5\" data-element_type=\"column\" data-e-type=\"column\">\n\t\t\t<div class=\"elementor-widget-wrap elementor-element-populated\">\n\t\t\t\t\t\t<div class=\"elementor-element elementor-element-f3e2c46 elementor-widget elementor-widget-google_maps\" data-id=\"f3e2c46\" data-element_type=\"widget\" data-e-type=\"widget\" data-widget_type=\"google_maps.default\">\n\t\t\t\t<div class=\"elementor-widget-container\">\n\t\t\t\t\t\t\t<div class=\"elementor-custom-embed\">\n\t\t\t<iframe loading=\"lazy\"\n\t\t\t\t\tsrc=\"https:\/\/maps.google.com\/maps?q=Torres%20Heiztechnik%2C%20D%C3%BCrkheimer%20Stra%C3%9Fe%2050%2C%2065934%20Frankfurt&#038;t=m&#038;z=12&#038;output=embed&#038;iwloc=near\"\n\t\t\t\t\ttitle=\"Torres Heiztechnik, D\u00fcrkheimer Stra\u00dfe 50, 65934 Frankfurt\"\n\t\t\t\t\taria-label=\"Torres Heiztechnik, D\u00fcrkheimer Stra\u00dfe 50, 65934 Frankfurt\"\n\t\t\t><\/iframe>\n\t\t<\/div>\n\t\t\t\t\t\t<\/div>\n\t\t\t\t<\/div>\n\t\t\t\t\t<\/div>\n\t\t<\/div>\n\t\t\t\t\t<\/div>\n\t\t<\/section>\n\t\t\t\t<\/div>\n\t\t","protected":false},"excerpt":{"rendered":"KONTAKT Einfach das Formular ausf\u00fcllen und wir k\u00fcmmern uns darum. Pers\u00f6nlich, Schnell, Zuverl\u00e4ssig. ihr Name* Email Adresse* Telefonnummer* Service ausw\u00e4hlen* SubjectW\u00e4rmepumpeSolarthermieWartung\/InstandsetzungNotdienstAllgemeine Anfrage Beschreibung* &#916;","protected":false},"author":1,"featured_media":0,"parent":0,"menu_order":0,"comment_status":"closed","ping_status":"closed","template":"elementor_header_footer","meta":{"_monsterinsights_skip_tracking":false,"_monsterinsights_sitenote_active":false,"_monsterinsights_sitenote_note":"","_monsterinsights_sitenote_category":0,"footnotes":""},"class_list":["post-19","page","type-page","status-publish","hentry"],"aioseo_notices":[],"_links":{"self":[{"href":"https:\/\/torresheiztechnik.de\/index.php\/wp-json\/wp\/v2\/pages\/19","targetHints":{"allow":["GET"]}}],"collection":[{"href":"https:\/\/torresheiztechnik.de\/index.php\/wp-json\/wp\/v2\/pages"}],"about":[{"href":"https:\/\/torresheiztechnik.de\/index.php\/wp-json\/wp\/v2\/types\/page"}],"author":[{"embeddable":true,"href":"https:\/\/torresheiztechnik.de\/index.php\/wp-json\/wp\/v2\/users\/1"}],"replies":[{"embeddable":true,"href":"https:\/\/torresheiztechnik.de\/index.php\/wp-json\/wp\/v2\/comments?post=19"}],"version-history":[{"count":16,"href":"https:\/\/torresheiztechnik.de\/index.php\/wp-json\/wp\/v2\/pages\/19\/revisions"}],"predecessor-version":[{"id":1064,"href":"https:\/\/torresheiztechnik.de\/index.php\/wp-json\/wp\/v2\/pages\/19\/revisions\/1064"}],"wp:attachment":[{"href":"https:\/\/torresheiztechnik.de\/index.php\/wp-json\/wp\/v2\/media?parent=19"}],"curies":[{"name":"wp","href":"https:\/\/api.w.org\/{rel}","templated":true}]}}